{"id":15,"date":"2022-10-02T12:29:59","date_gmt":"2022-10-02T10:29:59","guid":{"rendered":"http:\/\/www.saintemarietessy.fr\/?page_id=15"},"modified":"2025-05-28T22:43:29","modified_gmt":"2025-05-28T20:43:29","slug":"contact","status":"publish","type":"page","link":"https:\/\/www.saintemarietessy.fr\/index.php\/contact\/","title":{"rendered":"Nous contacter&#8230;"},"content":{"rendered":"\n<p class=\"has-foreground-color has-text-color\">Pour toute question, n&rsquo;h\u00e9sitez pas \u00e0 nous contacter :<\/p>\n\n\n\n<p class=\"has-foreground-color has-text-color\"><strong>Chef d&rsquo;\u00e9tablissement<\/strong> : Thomas Vigot<\/p>\n\n\n\n<p class=\"has-foreground-color has-text-color\"><strong>T\u00e9l<\/strong> : 02-33-74-79-93<\/p>\n\n\n\n<p class=\"has-foreground-color has-text-color\"><strong>Portable<\/strong> : 07-67-96-59-91<\/p>\n\n\n\n<p class=\"has-foreground-color has-text-color\"><strong>Mail<\/strong> : saintemarie.tessy@gmail.com<\/p>\n\n\n\n<p class=\"has-foreground-color has-text-color\"><strong>Adresse<\/strong> : 2 place de l&rsquo;Eglise 50420 TESSY BOCAGE<\/p>\n\n\n\n<p class=\"has-foreground-color has-text-color\">Retrouvez-nous sur notre page Facebook : <a rel=\"noreferrer noopener\" href=\"https:\/\/www.facebook.com\/ecolesaintemarietessy\/\" data-type=\"URL\" data-id=\"https:\/\/www.facebook.com\/ecolesaintemarietessy\/\" target=\"_blank\">https:\/\/www.facebook.com\/ecolesaintemarietessy\/<\/a><\/p>\n\n\n\n<p><strong>Formulaire de demande d&rsquo;inscription :<\/strong> <a href=\"https:\/\/forms.gle\/9XTmH8uDbgEj5FxWA\" target=\"_blank\" rel=\"noreferrer noopener\">ICI<\/a><\/p>\n\n\n<div class=\"wpforms-container wpforms-container-full wpforms-block wpforms-block-d0adb829-b6a3-487d-b405-235825f2100c wpforms-render-modern\" id=\"wpforms-311\"><form id=\"wpforms-form-311\" class=\"wpforms-validate wpforms-form wpforms-ajax-form\" data-formid=\"311\" method=\"post\" enctype=\"multipart\/form-data\" action=\"\/index.php\/wp-json\/wp\/v2\/pages\/15\" data-token=\"ed2b6caf3e40c4cdb1e6f61dd607a552\" data-token-time=\"1776596419\"><noscript class=\"wpforms-error-noscript\">Veuillez activer JavaScript dans votre navigateur pour remplir ce formulaire.<\/noscript><div id=\"wpforms-error-noscript\" style=\"display: none;\">Veuillez activer JavaScript dans votre navigateur pour remplir ce formulaire.<\/div><div class=\"wpforms-field-container\"><div id=\"wpforms-311-field_1-container\" class=\"wpforms-field wpforms-field-name\" data-field-id=\"1\"><fieldset><legend class=\"wpforms-field-label\">Nom <span class=\"wpforms-required-label\" aria-hidden=\"true\">*<\/span><\/legend><div class=\"wpforms-field-row wpforms-field-medium\"><div class=\"wpforms-field-row-block wpforms-first wpforms-one-half\"><input type=\"text\" id=\"wpforms-311-field_1\" class=\"wpforms-field-name-first wpforms-field-required\" name=\"wpforms[fields][1][first]\" aria-errormessage=\"wpforms-311-field_1-error\" required><label for=\"wpforms-311-field_1\" class=\"wpforms-field-sublabel after\">Pr\u00e9nom<\/label><\/div><div class=\"wpforms-field-row-block wpforms-one-half\"><input type=\"text\" id=\"wpforms-311-field_1-last\" class=\"wpforms-field-name-last wpforms-field-required\" name=\"wpforms[fields][1][last]\" aria-errormessage=\"wpforms-311-field_1-last-error\" required><label for=\"wpforms-311-field_1-last\" class=\"wpforms-field-sublabel after\">Nom<\/label><\/div><\/div><\/fieldset><\/div>\t\t<div id=\"wpforms-311-field_4-container\"\n\t\t\tclass=\"wpforms-field wpforms-field-text\"\n\t\t\tdata-field-type=\"text\"\n\t\t\tdata-field-id=\"4\"\n\t\t\t>\n\t\t\t<label class=\"wpforms-field-label\" for=\"wpforms-311-field_4\" >Nom message ou<\/label>\n\t\t\t<input type=\"text\" id=\"wpforms-311-field_4\" class=\"wpforms-field-medium\" name=\"wpforms[fields][4]\" >\n\t\t<\/div>\n\t\t<div id=\"wpforms-311-field_2-container\" class=\"wpforms-field wpforms-field-email\" data-field-id=\"2\"><label class=\"wpforms-field-label\" for=\"wpforms-311-field_2\">E-mail <span class=\"wpforms-required-label\" aria-hidden=\"true\">*<\/span><\/label><input type=\"email\" id=\"wpforms-311-field_2\" class=\"wpforms-field-medium wpforms-field-required\" name=\"wpforms[fields][2]\" spellcheck=\"false\" aria-errormessage=\"wpforms-311-field_2-error\" required><\/div><div id=\"wpforms-311-field_3-container\" class=\"wpforms-field wpforms-field-textarea\" data-field-id=\"3\"><label class=\"wpforms-field-label\" for=\"wpforms-311-field_3\">Commentaire ou message<\/label><textarea id=\"wpforms-311-field_3\" class=\"wpforms-field-medium\" name=\"wpforms[fields][3]\" aria-errormessage=\"wpforms-311-field_3-error\" ><\/textarea><\/div><script>\n\t\t\t\t( function() {\n\t\t\t\t\tconst style = document.createElement( 'style' );\n\t\t\t\t\tstyle.appendChild( document.createTextNode( '#wpforms-311-field_4-container { position: absolute !important; overflow: hidden !important; display: inline !important; height: 1px !important; width: 1px !important; z-index: -1000 !important; padding: 0 !important; } #wpforms-311-field_4-container input { visibility: hidden; } #wpforms-conversational-form-page #wpforms-311-field_4-container label { counter-increment: none; }' ) );\n\t\t\t\t\tdocument.head.appendChild( style );\n\t\t\t\t\tdocument.currentScript?.remove();\n\t\t\t\t} )();\n\t\t\t<\/script><\/div><!-- .wpforms-field-container --><div class=\"wpforms-submit-container\" ><input type=\"hidden\" name=\"wpforms[id]\" value=\"311\"><input type=\"hidden\" name=\"page_title\" value=\"\"><input type=\"hidden\" name=\"page_url\" value=\"https:\/\/www.saintemarietessy.fr\/index.php\/wp-json\/wp\/v2\/pages\/15\"><input type=\"hidden\" name=\"url_referer\" value=\"\"><button type=\"submit\" name=\"wpforms[submit]\" id=\"wpforms-submit-311\" class=\"wpforms-submit\" data-alt-text=\"Envoi...\" data-submit-text=\"Envoyer\" aria-live=\"assertive\" value=\"wpforms-submit\">Envoyer<\/button><img loading=\"lazy\" decoding=\"async\" src=\"https:\/\/www.saintemarietessy.fr\/wp-content\/plugins\/wpforms-lite\/assets\/images\/submit-spin.svg\" class=\"wpforms-submit-spinner\" style=\"display: none;\" width=\"26\" height=\"26\" alt=\"Chargement en cours\"><\/div><\/form><\/div>  <!-- .wpforms-container -->","protected":false},"excerpt":{"rendered":"<p>Pour toute question, n&rsquo;h\u00e9sitez pas \u00e0 nous contacter : Chef d&rsquo;\u00e9tablissement : Thomas Vigot T\u00e9l : 02-33-74-79-93 Portable : 07-67-96-59-91 Mail : saintemarie.tessy@gmail.com Adresse : 2 place de l&rsquo;Eglise 50420 TESSY BOCAGE Retrouvez-nous sur notre page Facebook : https:\/\/www.facebook.com\/ecolesaintemarietessy\/ Formulaire de demande d&rsquo;inscription : ICI<\/p>\n","protected":false},"author":1,"featured_media":0,"parent":0,"menu_order":5,"comment_status":"closed","ping_status":"closed","template":"","meta":{"site-sidebar-layout":"default","site-content-layout":"","ast-site-content-layout":"default","site-content-style":"default","site-sidebar-style":"default","ast-global-header-display":"","ast-banner-title-visibility":"","ast-main-header-display":"","ast-hfb-above-header-display":"","ast-hfb-below-header-display":"","ast-hfb-mobile-header-display":"","site-post-title":"","ast-breadcrumbs-content":"","ast-featured-img":"","footer-sml-layout":"","theme-transparent-header-meta":"","adv-header-id-meta":"","stick-header-meta":"","header-above-stick-meta":"","header-main-stick-meta":"","header-below-stick-meta":"","astra-migrate-meta-layouts":"default","ast-page-background-enabled":"default","ast-page-background-meta":{"desktop":{"background-color":"var(--ast-global-color-5)","background-image":"","background-repeat":"repeat","background-position":"center center","background-size":"auto","background-attachment":"scroll","background-type":"","background-media":"","overlay-type":"","overlay-color":"","overlay-opacity":"","overlay-gradient":""},"tablet":{"background-color":"","background-image":"","background-repeat":"repeat","background-position":"center center","background-size":"auto","background-attachment":"scroll","background-type":"","background-media":"","overlay-type":"","overlay-color":"","overlay-opacity":"","overlay-gradient":""},"mobile":{"background-color":"","background-image":"","background-repeat":"repeat","background-position":"center center","background-size":"auto","background-attachment":"scroll","background-type":"","background-media":"","overlay-type":"","overlay-color":"","overlay-opacity":"","overlay-gradient":""}},"ast-content-background-meta":{"desktop":{"background-color":"var(--ast-global-color-4)","background-image":"","background-repeat":"repeat","background-position":"center center","background-size":"auto","background-attachment":"scroll","background-type":"","background-media":"","overlay-type":"","overlay-color":"","overlay-opacity":"","overlay-gradient":""},"tablet":{"background-color":"var(--ast-global-color-4)","background-image":"","background-repeat":"repeat","background-position":"center center","background-size":"auto","background-attachment":"scroll","background-type":"","background-media":"","overlay-type":"","overlay-color":"","overlay-opacity":"","overlay-gradient":""},"mobile":{"background-color":"var(--ast-global-color-4)","background-image":"","background-repeat":"repeat","background-position":"center center","background-size":"auto","background-attachment":"scroll","background-type":"","background-media":"","overlay-type":"","overlay-color":"","overlay-opacity":"","overlay-gradient":""}},"_themeisle_gutenberg_block_has_review":false,"footnotes":""},"class_list":["post-15","page","type-page","status-publish","hentry"],"yoast_head":"<!-- This site is optimized with the Yoast SEO plugin v26.0 - https:\/\/yoast.com\/wordpress\/plugins\/seo\/ -->\n<title>Nous contacter... - \u00c9cole Sainte Marie - Tessy Bocage<\/title>\n<meta name=\"robots\" content=\"index, follow, max-snippet:-1, max-image-preview:large, max-video-preview:-1\" \/>\n<link rel=\"canonical\" href=\"https:\/\/www.saintemarietessy.fr\/index.php\/contact\/\" \/>\n<meta property=\"og:locale\" content=\"fr_FR\" \/>\n<meta property=\"og:type\" content=\"article\" \/>\n<meta property=\"og:title\" content=\"Nous contacter... - \u00c9cole Sainte Marie - Tessy Bocage\" \/>\n<meta property=\"og:description\" content=\"Pour toute question, n&rsquo;h\u00e9sitez pas \u00e0 nous contacter : Chef d&rsquo;\u00e9tablissement : Thomas Vigot T\u00e9l : 02-33-74-79-93 Portable : 07-67-96-59-91 Mail : saintemarie.tessy@gmail.com Adresse : 2 place de l&rsquo;Eglise 50420 TESSY BOCAGE Retrouvez-nous sur notre page Facebook : https:\/\/www.facebook.com\/ecolesaintemarietessy\/ Formulaire de demande d&rsquo;inscription : ICI\" \/>\n<meta property=\"og:url\" content=\"https:\/\/www.saintemarietessy.fr\/index.php\/contact\/\" \/>\n<meta property=\"og:site_name\" content=\"\u00c9cole Sainte Marie - Tessy Bocage\" \/>\n<meta property=\"article:modified_time\" content=\"2025-05-28T20:43:29+00:00\" \/>\n<meta name=\"twitter:card\" content=\"summary_large_image\" \/>\n<meta name=\"twitter:label1\" content=\"Dur\u00e9e de lecture estim\u00e9e\" \/>\n\t<meta name=\"twitter:data1\" content=\"1 minute\" \/>\n<script type=\"application\/ld+json\" class=\"yoast-schema-graph\">{\"@context\":\"https:\/\/schema.org\",\"@graph\":[{\"@type\":\"WebPage\",\"@id\":\"https:\/\/www.saintemarietessy.fr\/index.php\/contact\/\",\"url\":\"https:\/\/www.saintemarietessy.fr\/index.php\/contact\/\",\"name\":\"Nous contacter... - \u00c9cole Sainte Marie - Tessy Bocage\",\"isPartOf\":{\"@id\":\"https:\/\/www.saintemarietessy.fr\/#website\"},\"datePublished\":\"2022-10-02T10:29:59+00:00\",\"dateModified\":\"2025-05-28T20:43:29+00:00\",\"breadcrumb\":{\"@id\":\"https:\/\/www.saintemarietessy.fr\/index.php\/contact\/#breadcrumb\"},\"inLanguage\":\"fr-FR\",\"potentialAction\":[{\"@type\":\"ReadAction\",\"target\":[\"https:\/\/www.saintemarietessy.fr\/index.php\/contact\/\"]}]},{\"@type\":\"BreadcrumbList\",\"@id\":\"https:\/\/www.saintemarietessy.fr\/index.php\/contact\/#breadcrumb\",\"itemListElement\":[{\"@type\":\"ListItem\",\"position\":1,\"name\":\"Accueil\",\"item\":\"https:\/\/www.saintemarietessy.fr\/\"},{\"@type\":\"ListItem\",\"position\":2,\"name\":\"Nous contacter&#8230;\"}]},{\"@type\":\"WebSite\",\"@id\":\"https:\/\/www.saintemarietessy.fr\/#website\",\"url\":\"https:\/\/www.saintemarietessy.fr\/\",\"name\":\"\u00c9cole Sainte Marie - Tessy Bocage\",\"description\":\"\u00c9cole primaire priv\u00e9e catholique\",\"publisher\":{\"@id\":\"https:\/\/www.saintemarietessy.fr\/#organization\"},\"potentialAction\":[{\"@type\":\"SearchAction\",\"target\":{\"@type\":\"EntryPoint\",\"urlTemplate\":\"https:\/\/www.saintemarietessy.fr\/?s={search_term_string}\"},\"query-input\":{\"@type\":\"PropertyValueSpecification\",\"valueRequired\":true,\"valueName\":\"search_term_string\"}}],\"inLanguage\":\"fr-FR\"},{\"@type\":\"Organization\",\"@id\":\"https:\/\/www.saintemarietessy.fr\/#organization\",\"name\":\"\u00c9cole Sainte Marie - Tessy Bocage\",\"url\":\"https:\/\/www.saintemarietessy.fr\/\",\"logo\":{\"@type\":\"ImageObject\",\"inLanguage\":\"fr-FR\",\"@id\":\"https:\/\/www.saintemarietessy.fr\/#\/schema\/logo\/image\/\",\"url\":\"https:\/\/www.saintemarietessy.fr\/wp-content\/uploads\/2022\/10\/Logo-Ste-Marie.jpg\",\"contentUrl\":\"https:\/\/www.saintemarietessy.fr\/wp-content\/uploads\/2022\/10\/Logo-Ste-Marie.jpg\",\"width\":703,\"height\":870,\"caption\":\"\u00c9cole Sainte Marie - Tessy Bocage\"},\"image\":{\"@id\":\"https:\/\/www.saintemarietessy.fr\/#\/schema\/logo\/image\/\"}}]}<\/script>\n<!-- \/ Yoast SEO plugin. -->","yoast_head_json":{"title":"Nous contacter... - \u00c9cole Sainte Marie - Tessy Bocage","robots":{"index":"index","follow":"follow","max-snippet":"max-snippet:-1","max-image-preview":"max-image-preview:large","max-video-preview":"max-video-preview:-1"},"canonical":"https:\/\/www.saintemarietessy.fr\/index.php\/contact\/","og_locale":"fr_FR","og_type":"article","og_title":"Nous contacter... - \u00c9cole Sainte Marie - Tessy Bocage","og_description":"Pour toute question, n&rsquo;h\u00e9sitez pas \u00e0 nous contacter : Chef d&rsquo;\u00e9tablissement : Thomas Vigot T\u00e9l : 02-33-74-79-93 Portable : 07-67-96-59-91 Mail : saintemarie.tessy@gmail.com Adresse : 2 place de l&rsquo;Eglise 50420 TESSY BOCAGE Retrouvez-nous sur notre page Facebook : https:\/\/www.facebook.com\/ecolesaintemarietessy\/ Formulaire de demande d&rsquo;inscription : ICI","og_url":"https:\/\/www.saintemarietessy.fr\/index.php\/contact\/","og_site_name":"\u00c9cole Sainte Marie - Tessy Bocage","article_modified_time":"2025-05-28T20:43:29+00:00","twitter_card":"summary_large_image","twitter_misc":{"Dur\u00e9e de lecture estim\u00e9e":"1 minute"},"schema":{"@context":"https:\/\/schema.org","@graph":[{"@type":"WebPage","@id":"https:\/\/www.saintemarietessy.fr\/index.php\/contact\/","url":"https:\/\/www.saintemarietessy.fr\/index.php\/contact\/","name":"Nous contacter... - \u00c9cole Sainte Marie - Tessy Bocage","isPartOf":{"@id":"https:\/\/www.saintemarietessy.fr\/#website"},"datePublished":"2022-10-02T10:29:59+00:00","dateModified":"2025-05-28T20:43:29+00:00","breadcrumb":{"@id":"https:\/\/www.saintemarietessy.fr\/index.php\/contact\/#breadcrumb"},"inLanguage":"fr-FR","potentialAction":[{"@type":"ReadAction","target":["https:\/\/www.saintemarietessy.fr\/index.php\/contact\/"]}]},{"@type":"BreadcrumbList","@id":"https:\/\/www.saintemarietessy.fr\/index.php\/contact\/#breadcrumb","itemListElement":[{"@type":"ListItem","position":1,"name":"Accueil","item":"https:\/\/www.saintemarietessy.fr\/"},{"@type":"ListItem","position":2,"name":"Nous contacter&#8230;"}]},{"@type":"WebSite","@id":"https:\/\/www.saintemarietessy.fr\/#website","url":"https:\/\/www.saintemarietessy.fr\/","name":"\u00c9cole Sainte Marie - Tessy Bocage","description":"\u00c9cole primaire priv\u00e9e catholique","publisher":{"@id":"https:\/\/www.saintemarietessy.fr\/#organization"},"potentialAction":[{"@type":"SearchAction","target":{"@type":"EntryPoint","urlTemplate":"https:\/\/www.saintemarietessy.fr\/?s={search_term_string}"},"query-input":{"@type":"PropertyValueSpecification","valueRequired":true,"valueName":"search_term_string"}}],"inLanguage":"fr-FR"},{"@type":"Organization","@id":"https:\/\/www.saintemarietessy.fr\/#organization","name":"\u00c9cole Sainte Marie - Tessy Bocage","url":"https:\/\/www.saintemarietessy.fr\/","logo":{"@type":"ImageObject","inLanguage":"fr-FR","@id":"https:\/\/www.saintemarietessy.fr\/#\/schema\/logo\/image\/","url":"https:\/\/www.saintemarietessy.fr\/wp-content\/uploads\/2022\/10\/Logo-Ste-Marie.jpg","contentUrl":"https:\/\/www.saintemarietessy.fr\/wp-content\/uploads\/2022\/10\/Logo-Ste-Marie.jpg","width":703,"height":870,"caption":"\u00c9cole Sainte Marie - Tessy Bocage"},"image":{"@id":"https:\/\/www.saintemarietessy.fr\/#\/schema\/logo\/image\/"}}]}},"_links":{"self":[{"href":"https:\/\/www.saintemarietessy.fr\/index.php\/wp-json\/wp\/v2\/pages\/15","targetHints":{"allow":["GET"]}}],"collection":[{"href":"https:\/\/www.saintemarietessy.fr\/index.php\/wp-json\/wp\/v2\/pages"}],"about":[{"href":"https:\/\/www.saintemarietessy.fr\/index.php\/wp-json\/wp\/v2\/types\/page"}],"author":[{"embeddable":true,"href":"https:\/\/www.saintemarietessy.fr\/index.php\/wp-json\/wp\/v2\/users\/1"}],"replies":[{"embeddable":true,"href":"https:\/\/www.saintemarietessy.fr\/index.php\/wp-json\/wp\/v2\/comments?post=15"}],"version-history":[{"count":10,"href":"https:\/\/www.saintemarietessy.fr\/index.php\/wp-json\/wp\/v2\/pages\/15\/revisions"}],"predecessor-version":[{"id":315,"href":"https:\/\/www.saintemarietessy.fr\/index.php\/wp-json\/wp\/v2\/pages\/15\/revisions\/315"}],"wp:attachment":[{"href":"https:\/\/www.saintemarietessy.fr\/index.php\/wp-json\/wp\/v2\/media?parent=15"}],"curies":[{"name":"wp","href":"https:\/\/api.w.org\/{rel}","templated":true}]}}