{"id":17,"date":"2022-10-02T12:34:40","date_gmt":"2022-10-02T10:34:40","guid":{"rendered":"http:\/\/www.saintemarietessy.fr\/?page_id=17"},"modified":"2026-01-26T11:31:37","modified_gmt":"2026-01-26T10:31:37","slug":"informations-pratiques","status":"publish","type":"page","link":"https:\/\/www.saintemarietessy.fr\/index.php\/informations-pratiques\/","title":{"rendered":"Informations pratiques"},"content":{"rendered":"\n<figure class=\"wp-block-image size-full is-resized\"><img loading=\"lazy\" decoding=\"async\" width=\"450\" height=\"440\" src=\"https:\/\/www.saintemarietessy.fr\/wp-content\/uploads\/2022\/10\/iimages191100627.jpg\" alt=\"\" class=\"wp-image-28\" style=\"width:156px;height:153px\" srcset=\"https:\/\/www.saintemarietessy.fr\/wp-content\/uploads\/2022\/10\/iimages191100627.jpg 450w, https:\/\/www.saintemarietessy.fr\/wp-content\/uploads\/2022\/10\/iimages191100627-300x293.jpg 300w\" sizes=\"auto, (max-width: 450px) 100vw, 450px\" \/><\/figure>\n\n\n\n<p class=\"has-vivid-red-color has-text-color\"><strong>Horaires de l&rsquo;\u00e9cole<\/strong> : <\/p>\n\n\n\n<p class=\"has-foreground-color has-text-color\"><em>Classe<\/em> : 9h &#8211; 12h \/ 13h30 &#8211; 16h30<\/p>\n\n\n\n<p class=\"has-foreground-color has-text-color\"><em>Garderie<\/em> : 7h30 &#8211; 8h45 \/ 16h45 &#8211; 18h30<\/p>\n\n\n\n<p class=\"has-foreground-color has-text-color\"><em>Etude<\/em> surveill\u00e9e (\u00e0 partir du CP) : 16h45 &#8211; 17h45<\/p>\n\n\n\n<figure class=\"wp-block-image size-full is-resized\"><img loading=\"lazy\" decoding=\"async\" width=\"503\" height=\"239\" src=\"https:\/\/www.saintemarietessy.fr\/wp-content\/uploads\/2022\/10\/Image-cantine.jpg\" alt=\"\" class=\"wp-image-27\" style=\"width:300px;height:143px\" srcset=\"https:\/\/www.saintemarietessy.fr\/wp-content\/uploads\/2022\/10\/Image-cantine.jpg 503w, https:\/\/www.saintemarietessy.fr\/wp-content\/uploads\/2022\/10\/Image-cantine-300x143.jpg 300w\" sizes=\"auto, (max-width: 503px) 100vw, 503px\" \/><\/figure>\n\n\n\n<figure class=\"wp-block-image size-large is-resized\"><img loading=\"lazy\" decoding=\"async\" width=\"1024\" height=\"768\" src=\"https:\/\/www.saintemarietessy.fr\/wp-content\/uploads\/2025\/05\/IMG_8174-1024x768.jpg\" alt=\"\" class=\"wp-image-319\" style=\"width:511px;height:auto\" srcset=\"https:\/\/www.saintemarietessy.fr\/wp-content\/uploads\/2025\/05\/IMG_8174-1024x768.jpg 1024w, https:\/\/www.saintemarietessy.fr\/wp-content\/uploads\/2025\/05\/IMG_8174-300x225.jpg 300w, https:\/\/www.saintemarietessy.fr\/wp-content\/uploads\/2025\/05\/IMG_8174-768x576.jpg 768w, https:\/\/www.saintemarietessy.fr\/wp-content\/uploads\/2025\/05\/IMG_8174-1536x1152.jpg 1536w, https:\/\/www.saintemarietessy.fr\/wp-content\/uploads\/2025\/05\/IMG_8174-2048x1536.jpg 2048w\" sizes=\"auto, (max-width: 1024px) 100vw, 1024px\" \/><\/figure>\n\n\n\n<p class=\"has-vivid-red-color has-text-color\"><strong>Cantine<\/strong> :<\/p>\n\n\n\n<p class=\"has-foreground-color has-text-color\">L&rsquo;\u00e9cole Sainte Marie propose un service de cantine. <\/p>\n\n\n\n<p class=\"has-foreground-color has-text-color\">Les tarifs sont de 4,80 \u20ac pour les maternelles et 5,20 \u20ac pour les primaires.<\/p>\n\n\n\n<p class=\"has-vivid-red-color has-text-color\"><strong>Lunch-Box :<\/strong><\/p>\n\n\n\n<p class=\"has-foreground-color has-text-color\">Nous proposons un service de lunch-box : possibilit\u00e9 d&rsquo;apporter son repas de la maison, sa \u00ab\u00a0gamelle\u00a0\u00bb. Un r\u00e9frig\u00e9rateur et un micro-onde sont \u00e0 disposition des \u00e9l\u00e8ves le midi pour r\u00e9chauffer son repas. <\/p>\n\n\n\n<p class=\"has-foreground-color has-text-color\">Le tarif est de 1,70 \u20ac par repas pour le service.<\/p>\n\n\n\n<p><\/p>\n\n\n\n<p class=\"has-vivid-red-color has-text-color\"><strong>Tarifs scolarit\u00e9 et garderie-\u00e9tude<\/strong> :<\/p>\n\n\n\n<p class=\"has-foreground-color has-text-color\">La scolarit\u00e9 est de 30 \u20ac par mois, d\u00e9gressif pour 2 et 3 enfants.<\/p>\n\n\n\n<p class=\"has-foreground-color has-text-color\">Garderie du matin : 2 \u20ac quelle que soit la dur\u00e9e<\/p>\n\n\n\n<p class=\"has-foreground-color has-text-color\">Garderie du soir ou \u00e9tude (primaires) : 2 \u20ac pour les maternelles et 3 \u20ac pour les primaires<\/p>\n\n\n\n<p><\/p>\n","protected":false},"excerpt":{"rendered":"<p>Horaires de l&rsquo;\u00e9cole : Classe : 9h &#8211; 12h \/ 13h30 &#8211; 16h30 Garderie : 7h30 &#8211; 8h45 \/ 16h45 &#8211; 18h30 Etude surveill\u00e9e (\u00e0 partir du CP) : 16h45 &#8211; 17h45 Cantine : L&rsquo;\u00e9cole Sainte Marie propose un service de cantine. Les tarifs sont de 4,80 \u20ac pour les maternelles et 5,20 \u20ac pour [&hellip;]<\/p>\n","protected":false},"author":1,"featured_media":0,"parent":0,"menu_order":4,"comment_status":"closed","ping_status":"closed","template":"","meta":{"site-sidebar-layout":"default","site-content-layout":"","ast-site-content-layout":"default","site-content-style":"default","site-sidebar-style":"default","ast-global-header-display":"","ast-banner-title-visibility":"","ast-main-header-display":"","ast-hfb-above-header-display":"","ast-hfb-below-header-display":"","ast-hfb-mobile-header-display":"","site-post-title":"","ast-breadcrumbs-content":"","ast-featured-img":"","footer-sml-layout":"","theme-transparent-header-meta":"","adv-header-id-meta":"","stick-header-meta":"","header-above-stick-meta":"","header-main-stick-meta":"","header-below-stick-meta":"","astra-migrate-meta-layouts":"default","ast-page-background-enabled":"default","ast-page-background-meta":{"desktop":{"background-color":"var(--ast-global-color-5)","background-image":"","background-repeat":"repeat","background-position":"center center","background-size":"auto","background-attachment":"scroll","background-type":"","background-media":"","overlay-type":"","overlay-color":"","overlay-opacity":"","overlay-gradient":""},"tablet":{"background-color":"","background-image":"","background-repeat":"repeat","background-position":"center center","background-size":"auto","background-attachment":"scroll","background-type":"","background-media":"","overlay-type":"","overlay-color":"","overlay-opacity":"","overlay-gradient":""},"mobile":{"background-color":"","background-image":"","background-repeat":"repeat","background-position":"center center","background-size":"auto","background-attachment":"scroll","background-type":"","background-media":"","overlay-type":"","overlay-color":"","overlay-opacity":"","overlay-gradient":""}},"ast-content-background-meta":{"desktop":{"background-color":"var(--ast-global-color-4)","background-image":"","background-repeat":"repeat","background-position":"center center","background-size":"auto","background-attachment":"scroll","background-type":"","background-media":"","overlay-type":"","overlay-color":"","overlay-opacity":"","overlay-gradient":""},"tablet":{"background-color":"var(--ast-global-color-4)","background-image":"","background-repeat":"repeat","background-position":"center center","background-size":"auto","background-attachment":"scroll","background-type":"","background-media":"","overlay-type":"","overlay-color":"","overlay-opacity":"","overlay-gradient":""},"mobile":{"background-color":"var(--ast-global-color-4)","background-image":"","background-repeat":"repeat","background-position":"center center","background-size":"auto","background-attachment":"scroll","background-type":"","background-media":"","overlay-type":"","overlay-color":"","overlay-opacity":"","overlay-gradient":""}},"_themeisle_gutenberg_block_has_review":false,"footnotes":""},"class_list":["post-17","page","type-page","status-publish","hentry"],"yoast_head":"<!-- This site is optimized with the Yoast SEO plugin v26.0 - https:\/\/yoast.com\/wordpress\/plugins\/seo\/ -->\n<title>Informations pratiques - \u00c9cole Sainte Marie - Tessy Bocage<\/title>\n<meta name=\"robots\" content=\"index, follow, max-snippet:-1, max-image-preview:large, max-video-preview:-1\" \/>\n<link rel=\"canonical\" href=\"https:\/\/www.saintemarietessy.fr\/index.php\/informations-pratiques\/\" \/>\n<meta property=\"og:locale\" content=\"fr_FR\" \/>\n<meta property=\"og:type\" content=\"article\" \/>\n<meta property=\"og:title\" content=\"Informations pratiques - \u00c9cole Sainte Marie - Tessy Bocage\" \/>\n<meta property=\"og:description\" content=\"Horaires de l&rsquo;\u00e9cole : Classe : 9h &#8211; 12h \/ 13h30 &#8211; 16h30 Garderie : 7h30 &#8211; 8h45 \/ 16h45 &#8211; 18h30 Etude surveill\u00e9e (\u00e0 partir du CP) : 16h45 &#8211; 17h45 Cantine : L&rsquo;\u00e9cole Sainte Marie propose un service de cantine. Les tarifs sont de 4,80 \u20ac pour les maternelles et 5,20 \u20ac pour [&hellip;]\" \/>\n<meta property=\"og:url\" content=\"https:\/\/www.saintemarietessy.fr\/index.php\/informations-pratiques\/\" \/>\n<meta property=\"og:site_name\" content=\"\u00c9cole Sainte Marie - Tessy Bocage\" \/>\n<meta property=\"article:modified_time\" content=\"2026-01-26T10:31:37+00:00\" \/>\n<meta property=\"og:image\" content=\"http:\/\/www.saintemarietessy.fr\/wp-content\/uploads\/2022\/10\/iimages191100627.jpg\" \/>\n<meta name=\"twitter:card\" content=\"summary_large_image\" \/>\n<meta name=\"twitter:label1\" content=\"Dur\u00e9e de lecture estim\u00e9e\" \/>\n\t<meta name=\"twitter:data1\" content=\"2 minutes\" \/>\n<script type=\"application\/ld+json\" class=\"yoast-schema-graph\">{\"@context\":\"https:\/\/schema.org\",\"@graph\":[{\"@type\":\"WebPage\",\"@id\":\"https:\/\/www.saintemarietessy.fr\/index.php\/informations-pratiques\/\",\"url\":\"https:\/\/www.saintemarietessy.fr\/index.php\/informations-pratiques\/\",\"name\":\"Informations pratiques - \u00c9cole Sainte Marie - Tessy Bocage\",\"isPartOf\":{\"@id\":\"https:\/\/www.saintemarietessy.fr\/#website\"},\"primaryImageOfPage\":{\"@id\":\"https:\/\/www.saintemarietessy.fr\/index.php\/informations-pratiques\/#primaryimage\"},\"image\":{\"@id\":\"https:\/\/www.saintemarietessy.fr\/index.php\/informations-pratiques\/#primaryimage\"},\"thumbnailUrl\":\"http:\/\/www.saintemarietessy.fr\/wp-content\/uploads\/2022\/10\/iimages191100627.jpg\",\"datePublished\":\"2022-10-02T10:34:40+00:00\",\"dateModified\":\"2026-01-26T10:31:37+00:00\",\"breadcrumb\":{\"@id\":\"https:\/\/www.saintemarietessy.fr\/index.php\/informations-pratiques\/#breadcrumb\"},\"inLanguage\":\"fr-FR\",\"potentialAction\":[{\"@type\":\"ReadAction\",\"target\":[\"https:\/\/www.saintemarietessy.fr\/index.php\/informations-pratiques\/\"]}]},{\"@type\":\"ImageObject\",\"inLanguage\":\"fr-FR\",\"@id\":\"https:\/\/www.saintemarietessy.fr\/index.php\/informations-pratiques\/#primaryimage\",\"url\":\"http:\/\/www.saintemarietessy.fr\/wp-content\/uploads\/2022\/10\/iimages191100627.jpg\",\"contentUrl\":\"http:\/\/www.saintemarietessy.fr\/wp-content\/uploads\/2022\/10\/iimages191100627.jpg\"},{\"@type\":\"BreadcrumbList\",\"@id\":\"https:\/\/www.saintemarietessy.fr\/index.php\/informations-pratiques\/#breadcrumb\",\"itemListElement\":[{\"@type\":\"ListItem\",\"position\":1,\"name\":\"Accueil\",\"item\":\"https:\/\/www.saintemarietessy.fr\/\"},{\"@type\":\"ListItem\",\"position\":2,\"name\":\"Informations pratiques\"}]},{\"@type\":\"WebSite\",\"@id\":\"https:\/\/www.saintemarietessy.fr\/#website\",\"url\":\"https:\/\/www.saintemarietessy.fr\/\",\"name\":\"\u00c9cole Sainte Marie - Tessy Bocage\",\"description\":\"\u00c9cole primaire priv\u00e9e catholique\",\"publisher\":{\"@id\":\"https:\/\/www.saintemarietessy.fr\/#organization\"},\"potentialAction\":[{\"@type\":\"SearchAction\",\"target\":{\"@type\":\"EntryPoint\",\"urlTemplate\":\"https:\/\/www.saintemarietessy.fr\/?s={search_term_string}\"},\"query-input\":{\"@type\":\"PropertyValueSpecification\",\"valueRequired\":true,\"valueName\":\"search_term_string\"}}],\"inLanguage\":\"fr-FR\"},{\"@type\":\"Organization\",\"@id\":\"https:\/\/www.saintemarietessy.fr\/#organization\",\"name\":\"\u00c9cole Sainte Marie - Tessy Bocage\",\"url\":\"https:\/\/www.saintemarietessy.fr\/\",\"logo\":{\"@type\":\"ImageObject\",\"inLanguage\":\"fr-FR\",\"@id\":\"https:\/\/www.saintemarietessy.fr\/#\/schema\/logo\/image\/\",\"url\":\"https:\/\/www.saintemarietessy.fr\/wp-content\/uploads\/2022\/10\/Logo-Ste-Marie.jpg\",\"contentUrl\":\"https:\/\/www.saintemarietessy.fr\/wp-content\/uploads\/2022\/10\/Logo-Ste-Marie.jpg\",\"width\":703,\"height\":870,\"caption\":\"\u00c9cole Sainte Marie - Tessy Bocage\"},\"image\":{\"@id\":\"https:\/\/www.saintemarietessy.fr\/#\/schema\/logo\/image\/\"}}]}<\/script>\n<!-- \/ Yoast SEO plugin. -->","yoast_head_json":{"title":"Informations pratiques - \u00c9cole Sainte Marie - Tessy Bocage","robots":{"index":"index","follow":"follow","max-snippet":"max-snippet:-1","max-image-preview":"max-image-preview:large","max-video-preview":"max-video-preview:-1"},"canonical":"https:\/\/www.saintemarietessy.fr\/index.php\/informations-pratiques\/","og_locale":"fr_FR","og_type":"article","og_title":"Informations pratiques - \u00c9cole Sainte Marie - Tessy Bocage","og_description":"Horaires de l&rsquo;\u00e9cole : Classe : 9h &#8211; 12h \/ 13h30 &#8211; 16h30 Garderie : 7h30 &#8211; 8h45 \/ 16h45 &#8211; 18h30 Etude surveill\u00e9e (\u00e0 partir du CP) : 16h45 &#8211; 17h45 Cantine : L&rsquo;\u00e9cole Sainte Marie propose un service de cantine. Les tarifs sont de 4,80 \u20ac pour les maternelles et 5,20 \u20ac pour [&hellip;]","og_url":"https:\/\/www.saintemarietessy.fr\/index.php\/informations-pratiques\/","og_site_name":"\u00c9cole Sainte Marie - Tessy Bocage","article_modified_time":"2026-01-26T10:31:37+00:00","og_image":[{"url":"http:\/\/www.saintemarietessy.fr\/wp-content\/uploads\/2022\/10\/iimages191100627.jpg","type":"","width":"","height":""}],"twitter_card":"summary_large_image","twitter_misc":{"Dur\u00e9e de lecture estim\u00e9e":"2 minutes"},"schema":{"@context":"https:\/\/schema.org","@graph":[{"@type":"WebPage","@id":"https:\/\/www.saintemarietessy.fr\/index.php\/informations-pratiques\/","url":"https:\/\/www.saintemarietessy.fr\/index.php\/informations-pratiques\/","name":"Informations pratiques - \u00c9cole Sainte Marie - Tessy Bocage","isPartOf":{"@id":"https:\/\/www.saintemarietessy.fr\/#website"},"primaryImageOfPage":{"@id":"https:\/\/www.saintemarietessy.fr\/index.php\/informations-pratiques\/#primaryimage"},"image":{"@id":"https:\/\/www.saintemarietessy.fr\/index.php\/informations-pratiques\/#primaryimage"},"thumbnailUrl":"http:\/\/www.saintemarietessy.fr\/wp-content\/uploads\/2022\/10\/iimages191100627.jpg","datePublished":"2022-10-02T10:34:40+00:00","dateModified":"2026-01-26T10:31:37+00:00","breadcrumb":{"@id":"https:\/\/www.saintemarietessy.fr\/index.php\/informations-pratiques\/#breadcrumb"},"inLanguage":"fr-FR","potentialAction":[{"@type":"ReadAction","target":["https:\/\/www.saintemarietessy.fr\/index.php\/informations-pratiques\/"]}]},{"@type":"ImageObject","inLanguage":"fr-FR","@id":"https:\/\/www.saintemarietessy.fr\/index.php\/informations-pratiques\/#primaryimage","url":"http:\/\/www.saintemarietessy.fr\/wp-content\/uploads\/2022\/10\/iimages191100627.jpg","contentUrl":"http:\/\/www.saintemarietessy.fr\/wp-content\/uploads\/2022\/10\/iimages191100627.jpg"},{"@type":"BreadcrumbList","@id":"https:\/\/www.saintemarietessy.fr\/index.php\/informations-pratiques\/#breadcrumb","itemListElement":[{"@type":"ListItem","position":1,"name":"Accueil","item":"https:\/\/www.saintemarietessy.fr\/"},{"@type":"ListItem","position":2,"name":"Informations pratiques"}]},{"@type":"WebSite","@id":"https:\/\/www.saintemarietessy.fr\/#website","url":"https:\/\/www.saintemarietessy.fr\/","name":"\u00c9cole Sainte Marie - Tessy Bocage","description":"\u00c9cole primaire priv\u00e9e catholique","publisher":{"@id":"https:\/\/www.saintemarietessy.fr\/#organization"},"potentialAction":[{"@type":"SearchAction","target":{"@type":"EntryPoint","urlTemplate":"https:\/\/www.saintemarietessy.fr\/?s={search_term_string}"},"query-input":{"@type":"PropertyValueSpecification","valueRequired":true,"valueName":"search_term_string"}}],"inLanguage":"fr-FR"},{"@type":"Organization","@id":"https:\/\/www.saintemarietessy.fr\/#organization","name":"\u00c9cole Sainte Marie - Tessy Bocage","url":"https:\/\/www.saintemarietessy.fr\/","logo":{"@type":"ImageObject","inLanguage":"fr-FR","@id":"https:\/\/www.saintemarietessy.fr\/#\/schema\/logo\/image\/","url":"https:\/\/www.saintemarietessy.fr\/wp-content\/uploads\/2022\/10\/Logo-Ste-Marie.jpg","contentUrl":"https:\/\/www.saintemarietessy.fr\/wp-content\/uploads\/2022\/10\/Logo-Ste-Marie.jpg","width":703,"height":870,"caption":"\u00c9cole Sainte Marie - Tessy Bocage"},"image":{"@id":"https:\/\/www.saintemarietessy.fr\/#\/schema\/logo\/image\/"}}]}},"_links":{"self":[{"href":"https:\/\/www.saintemarietessy.fr\/index.php\/wp-json\/wp\/v2\/pages\/17","targetHints":{"allow":["GET"]}}],"collection":[{"href":"https:\/\/www.saintemarietessy.fr\/index.php\/wp-json\/wp\/v2\/pages"}],"about":[{"href":"https:\/\/www.saintemarietessy.fr\/index.php\/wp-json\/wp\/v2\/types\/page"}],"author":[{"embeddable":true,"href":"https:\/\/www.saintemarietessy.fr\/index.php\/wp-json\/wp\/v2\/users\/1"}],"replies":[{"embeddable":true,"href":"https:\/\/www.saintemarietessy.fr\/index.php\/wp-json\/wp\/v2\/comments?post=17"}],"version-history":[{"count":6,"href":"https:\/\/www.saintemarietessy.fr\/index.php\/wp-json\/wp\/v2\/pages\/17\/revisions"}],"predecessor-version":[{"id":326,"href":"https:\/\/www.saintemarietessy.fr\/index.php\/wp-json\/wp\/v2\/pages\/17\/revisions\/326"}],"wp:attachment":[{"href":"https:\/\/www.saintemarietessy.fr\/index.php\/wp-json\/wp\/v2\/media?parent=17"}],"curies":[{"name":"wp","href":"https:\/\/api.w.org\/{rel}","templated":true}]}}