{"id":35,"date":"2022-10-02T15:23:04","date_gmt":"2022-10-02T13:23:04","guid":{"rendered":"http:\/\/www.saintemarietessy.fr\/?page_id=35"},"modified":"2026-01-26T11:37:08","modified_gmt":"2026-01-26T10:37:08","slug":"les-classes","status":"publish","type":"page","link":"https:\/\/www.saintemarietessy.fr\/index.php\/les-classes\/","title":{"rendered":"Les classes"},"content":{"rendered":"\n<p class=\"has-foreground-color has-text-color\">L&rsquo;\u00e9cole Sainte Marie comporte 3 classes<\/p>\n\n\n\n<p class=\"has-foreground-color has-text-color\"><strong>PS-MS-GS, Mme Anne-Claire Rouxel, assist\u00e9e de Christine<\/strong><\/p>\n\n\n\n<figure class=\"wp-block-image size-large is-resized\"><img loading=\"lazy\" decoding=\"async\" width=\"1024\" height=\"768\" src=\"https:\/\/www.saintemarietessy.fr\/wp-content\/uploads\/2025\/05\/cuisine_ecole_semaine_gout00031-1024x768.jpeg\" alt=\"\" class=\"wp-image-306\" style=\"width:736px;height:auto\" srcset=\"https:\/\/www.saintemarietessy.fr\/wp-content\/uploads\/2025\/05\/cuisine_ecole_semaine_gout00031-1024x768.jpeg 1024w, https:\/\/www.saintemarietessy.fr\/wp-content\/uploads\/2025\/05\/cuisine_ecole_semaine_gout00031-300x225.jpeg 300w, https:\/\/www.saintemarietessy.fr\/wp-content\/uploads\/2025\/05\/cuisine_ecole_semaine_gout00031-768x576.jpeg 768w, https:\/\/www.saintemarietessy.fr\/wp-content\/uploads\/2025\/05\/cuisine_ecole_semaine_gout00031-1536x1152.jpeg 1536w, https:\/\/www.saintemarietessy.fr\/wp-content\/uploads\/2025\/05\/cuisine_ecole_semaine_gout00031.jpeg 1600w\" sizes=\"auto, (max-width: 1024px) 100vw, 1024px\" \/><\/figure>\n\n\n\n<figure class=\"wp-block-image size-large is-resized\"><img loading=\"lazy\" decoding=\"async\" width=\"1024\" height=\"768\" src=\"https:\/\/www.saintemarietessy.fr\/wp-content\/uploads\/2025\/05\/IMG_8177-1024x768.jpg\" alt=\"\" class=\"wp-image-307\" style=\"width:797px;height:auto\" srcset=\"https:\/\/www.saintemarietessy.fr\/wp-content\/uploads\/2025\/05\/IMG_8177-1024x768.jpg 1024w, https:\/\/www.saintemarietessy.fr\/wp-content\/uploads\/2025\/05\/IMG_8177-300x225.jpg 300w, https:\/\/www.saintemarietessy.fr\/wp-content\/uploads\/2025\/05\/IMG_8177-768x576.jpg 768w, https:\/\/www.saintemarietessy.fr\/wp-content\/uploads\/2025\/05\/IMG_8177-1536x1152.jpg 1536w, https:\/\/www.saintemarietessy.fr\/wp-content\/uploads\/2025\/05\/IMG_8177-2048x1536.jpg 2048w\" sizes=\"auto, (max-width: 1024px) 100vw, 1024px\" \/><\/figure>\n\n\n\n<p>Semaine du go\u00fbt et classe maternelle<\/p>\n\n\n\n<p><strong>CP-CE1, Mme Claire Carnet et Mme L\u00e9a Madelaine<\/strong><\/p>\n\n\n\n<figure class=\"wp-block-image size-large is-resized\"><img loading=\"lazy\" decoding=\"async\" width=\"1024\" height=\"768\" src=\"https:\/\/www.saintemarietessy.fr\/wp-content\/uploads\/2025\/05\/IMG_8180-1024x768.jpg\" alt=\"\" class=\"wp-image-308\" style=\"width:470px;height:568px\" srcset=\"https:\/\/www.saintemarietessy.fr\/wp-content\/uploads\/2025\/05\/IMG_8180-1024x768.jpg 1024w, https:\/\/www.saintemarietessy.fr\/wp-content\/uploads\/2025\/05\/IMG_8180-300x225.jpg 300w, https:\/\/www.saintemarietessy.fr\/wp-content\/uploads\/2025\/05\/IMG_8180-768x576.jpg 768w, https:\/\/www.saintemarietessy.fr\/wp-content\/uploads\/2025\/05\/IMG_8180-1536x1152.jpg 1536w, https:\/\/www.saintemarietessy.fr\/wp-content\/uploads\/2025\/05\/IMG_8180-2048x1536.jpg 2048w\" sizes=\"auto, (max-width: 1024px) 100vw, 1024px\" \/><figcaption class=\"wp-element-caption\">La classe de CP-CE1<\/figcaption><\/figure>\n\n\n\n<p><strong>CE2-CM1-CM2, Mme Julie Bourdin<\/strong><\/p>\n\n\n\n<figure class=\"wp-block-image size-large is-resized\"><img loading=\"lazy\" decoding=\"async\" width=\"1024\" height=\"768\" src=\"https:\/\/www.saintemarietessy.fr\/wp-content\/uploads\/2023\/10\/IMG_4718-1024x768.jpeg\" alt=\"\" class=\"wp-image-219\" style=\"width:647px;height:485px\" srcset=\"https:\/\/www.saintemarietessy.fr\/wp-content\/uploads\/2023\/10\/IMG_4718-1024x768.jpeg 1024w, https:\/\/www.saintemarietessy.fr\/wp-content\/uploads\/2023\/10\/IMG_4718-300x225.jpeg 300w, https:\/\/www.saintemarietessy.fr\/wp-content\/uploads\/2023\/10\/IMG_4718-768x576.jpeg 768w, https:\/\/www.saintemarietessy.fr\/wp-content\/uploads\/2023\/10\/IMG_4718-1536x1152.jpeg 1536w, https:\/\/www.saintemarietessy.fr\/wp-content\/uploads\/2023\/10\/IMG_4718-2048x1536.jpeg 2048w\" sizes=\"auto, (max-width: 1024px) 100vw, 1024px\" \/><figcaption class=\"wp-element-caption\">Initiation aux \u00e9checs en CM<\/figcaption><\/figure>\n\n\n\n<p><\/p>\n","protected":false},"excerpt":{"rendered":"<p>L&rsquo;\u00e9cole Sainte Marie comporte 3 classes PS-MS-GS, Mme Anne-Claire Rouxel, assist\u00e9e de Christine Semaine du go\u00fbt et classe maternelle CP-CE1, Mme Claire Carnet et Mme L\u00e9a Madelaine CE2-CM1-CM2, Mme Julie Bourdin<\/p>\n","protected":false},"author":1,"featured_media":0,"parent":0,"menu_order":3,"comment_status":"closed","ping_status":"closed","template":"","meta":{"site-sidebar-layout":"default","site-content-layout":"","ast-site-content-layout":"default","site-content-style":"default","site-sidebar-style":"default","ast-global-header-display":"","ast-banner-title-visibility":"","ast-main-header-display":"","ast-hfb-above-header-display":"","ast-hfb-below-header-display":"","ast-hfb-mobile-header-display":"","site-post-title":"","ast-breadcrumbs-content":"","ast-featured-img":"","footer-sml-layout":"","theme-transparent-header-meta":"","adv-header-id-meta":"","stick-header-meta":"","header-above-stick-meta":"","header-main-stick-meta":"","header-below-stick-meta":"","astra-migrate-meta-layouts":"default","ast-page-background-enabled":"default","ast-page-background-meta":{"desktop":{"background-color":"var(--ast-global-color-5)","background-image":"","background-repeat":"repeat","background-position":"center center","background-size":"auto","background-attachment":"scroll","background-type":"","background-media":"","overlay-type":"","overlay-color":"","overlay-opacity":"","overlay-gradient":""},"tablet":{"background-color":"","background-image":"","background-repeat":"repeat","background-position":"center center","background-size":"auto","background-attachment":"scroll","background-type":"","background-media":"","overlay-type":"","overlay-color":"","overlay-opacity":"","overlay-gradient":""},"mobile":{"background-color":"","background-image":"","background-repeat":"repeat","background-position":"center center","background-size":"auto","background-attachment":"scroll","background-type":"","background-media":"","overlay-type":"","overlay-color":"","overlay-opacity":"","overlay-gradient":""}},"ast-content-background-meta":{"desktop":{"background-color":"var(--ast-global-color-4)","background-image":"","background-repeat":"repeat","background-position":"center center","background-size":"auto","background-attachment":"scroll","background-type":"","background-media":"","overlay-type":"","overlay-color":"","overlay-opacity":"","overlay-gradient":""},"tablet":{"background-color":"var(--ast-global-color-4)","background-image":"","background-repeat":"repeat","background-position":"center center","background-size":"auto","background-attachment":"scroll","background-type":"","background-media":"","overlay-type":"","overlay-color":"","overlay-opacity":"","overlay-gradient":""},"mobile":{"background-color":"var(--ast-global-color-4)","background-image":"","background-repeat":"repeat","background-position":"center center","background-size":"auto","background-attachment":"scroll","background-type":"","background-media":"","overlay-type":"","overlay-color":"","overlay-opacity":"","overlay-gradient":""}},"_themeisle_gutenberg_block_has_review":false,"footnotes":""},"class_list":["post-35","page","type-page","status-publish","hentry"],"yoast_head":"<!-- This site is optimized with the Yoast SEO plugin v26.0 - https:\/\/yoast.com\/wordpress\/plugins\/seo\/ -->\n<title>Les classes - \u00c9cole Sainte Marie - Tessy Bocage<\/title>\n<meta name=\"robots\" content=\"index, follow, max-snippet:-1, max-image-preview:large, max-video-preview:-1\" \/>\n<link rel=\"canonical\" href=\"https:\/\/www.saintemarietessy.fr\/index.php\/les-classes\/\" \/>\n<meta property=\"og:locale\" content=\"fr_FR\" \/>\n<meta property=\"og:type\" content=\"article\" \/>\n<meta property=\"og:title\" content=\"Les classes - \u00c9cole Sainte Marie - Tessy Bocage\" \/>\n<meta property=\"og:description\" content=\"L&rsquo;\u00e9cole Sainte Marie comporte 3 classes PS-MS-GS, Mme Anne-Claire Rouxel, assist\u00e9e de Christine Semaine du go\u00fbt et classe maternelle CP-CE1, Mme Claire Carnet et Mme L\u00e9a Madelaine CE2-CM1-CM2, Mme Julie Bourdin\" \/>\n<meta property=\"og:url\" content=\"https:\/\/www.saintemarietessy.fr\/index.php\/les-classes\/\" \/>\n<meta property=\"og:site_name\" content=\"\u00c9cole Sainte Marie - Tessy Bocage\" \/>\n<meta property=\"article:modified_time\" content=\"2026-01-26T10:37:08+00:00\" \/>\n<meta property=\"og:image\" content=\"https:\/\/www.saintemarietessy.fr\/wp-content\/uploads\/2025\/05\/cuisine_ecole_semaine_gout00031.jpeg\" \/>\n\t<meta property=\"og:image:width\" content=\"1600\" \/>\n\t<meta property=\"og:image:height\" content=\"1200\" \/>\n\t<meta property=\"og:image:type\" content=\"image\/jpeg\" \/>\n<meta name=\"twitter:card\" content=\"summary_large_image\" \/>\n<meta name=\"twitter:label1\" content=\"Dur\u00e9e de lecture estim\u00e9e\" \/>\n\t<meta name=\"twitter:data1\" content=\"2 minutes\" \/>\n<script type=\"application\/ld+json\" class=\"yoast-schema-graph\">{\"@context\":\"https:\/\/schema.org\",\"@graph\":[{\"@type\":\"WebPage\",\"@id\":\"https:\/\/www.saintemarietessy.fr\/index.php\/les-classes\/\",\"url\":\"https:\/\/www.saintemarietessy.fr\/index.php\/les-classes\/\",\"name\":\"Les classes - \u00c9cole Sainte Marie - Tessy Bocage\",\"isPartOf\":{\"@id\":\"https:\/\/www.saintemarietessy.fr\/#website\"},\"primaryImageOfPage\":{\"@id\":\"https:\/\/www.saintemarietessy.fr\/index.php\/les-classes\/#primaryimage\"},\"image\":{\"@id\":\"https:\/\/www.saintemarietessy.fr\/index.php\/les-classes\/#primaryimage\"},\"thumbnailUrl\":\"https:\/\/www.saintemarietessy.fr\/wp-content\/uploads\/2025\/05\/cuisine_ecole_semaine_gout00031-1024x768.jpeg\",\"datePublished\":\"2022-10-02T13:23:04+00:00\",\"dateModified\":\"2026-01-26T10:37:08+00:00\",\"breadcrumb\":{\"@id\":\"https:\/\/www.saintemarietessy.fr\/index.php\/les-classes\/#breadcrumb\"},\"inLanguage\":\"fr-FR\",\"potentialAction\":[{\"@type\":\"ReadAction\",\"target\":[\"https:\/\/www.saintemarietessy.fr\/index.php\/les-classes\/\"]}]},{\"@type\":\"ImageObject\",\"inLanguage\":\"fr-FR\",\"@id\":\"https:\/\/www.saintemarietessy.fr\/index.php\/les-classes\/#primaryimage\",\"url\":\"https:\/\/www.saintemarietessy.fr\/wp-content\/uploads\/2025\/05\/cuisine_ecole_semaine_gout00031.jpeg\",\"contentUrl\":\"https:\/\/www.saintemarietessy.fr\/wp-content\/uploads\/2025\/05\/cuisine_ecole_semaine_gout00031.jpeg\",\"width\":1600,\"height\":1200},{\"@type\":\"BreadcrumbList\",\"@id\":\"https:\/\/www.saintemarietessy.fr\/index.php\/les-classes\/#breadcrumb\",\"itemListElement\":[{\"@type\":\"ListItem\",\"position\":1,\"name\":\"Accueil\",\"item\":\"https:\/\/www.saintemarietessy.fr\/\"},{\"@type\":\"ListItem\",\"position\":2,\"name\":\"Les classes\"}]},{\"@type\":\"WebSite\",\"@id\":\"https:\/\/www.saintemarietessy.fr\/#website\",\"url\":\"https:\/\/www.saintemarietessy.fr\/\",\"name\":\"\u00c9cole Sainte Marie - Tessy Bocage\",\"description\":\"\u00c9cole primaire priv\u00e9e catholique\",\"publisher\":{\"@id\":\"https:\/\/www.saintemarietessy.fr\/#organization\"},\"potentialAction\":[{\"@type\":\"SearchAction\",\"target\":{\"@type\":\"EntryPoint\",\"urlTemplate\":\"https:\/\/www.saintemarietessy.fr\/?s={search_term_string}\"},\"query-input\":{\"@type\":\"PropertyValueSpecification\",\"valueRequired\":true,\"valueName\":\"search_term_string\"}}],\"inLanguage\":\"fr-FR\"},{\"@type\":\"Organization\",\"@id\":\"https:\/\/www.saintemarietessy.fr\/#organization\",\"name\":\"\u00c9cole Sainte Marie - Tessy Bocage\",\"url\":\"https:\/\/www.saintemarietessy.fr\/\",\"logo\":{\"@type\":\"ImageObject\",\"inLanguage\":\"fr-FR\",\"@id\":\"https:\/\/www.saintemarietessy.fr\/#\/schema\/logo\/image\/\",\"url\":\"https:\/\/www.saintemarietessy.fr\/wp-content\/uploads\/2022\/10\/Logo-Ste-Marie.jpg\",\"contentUrl\":\"https:\/\/www.saintemarietessy.fr\/wp-content\/uploads\/2022\/10\/Logo-Ste-Marie.jpg\",\"width\":703,\"height\":870,\"caption\":\"\u00c9cole Sainte Marie - Tessy Bocage\"},\"image\":{\"@id\":\"https:\/\/www.saintemarietessy.fr\/#\/schema\/logo\/image\/\"}}]}<\/script>\n<!-- \/ Yoast SEO plugin. -->","yoast_head_json":{"title":"Les classes - \u00c9cole Sainte Marie - Tessy Bocage","robots":{"index":"index","follow":"follow","max-snippet":"max-snippet:-1","max-image-preview":"max-image-preview:large","max-video-preview":"max-video-preview:-1"},"canonical":"https:\/\/www.saintemarietessy.fr\/index.php\/les-classes\/","og_locale":"fr_FR","og_type":"article","og_title":"Les classes - \u00c9cole Sainte Marie - Tessy Bocage","og_description":"L&rsquo;\u00e9cole Sainte Marie comporte 3 classes PS-MS-GS, Mme Anne-Claire Rouxel, assist\u00e9e de Christine Semaine du go\u00fbt et classe maternelle CP-CE1, Mme Claire Carnet et Mme L\u00e9a Madelaine CE2-CM1-CM2, Mme Julie Bourdin","og_url":"https:\/\/www.saintemarietessy.fr\/index.php\/les-classes\/","og_site_name":"\u00c9cole Sainte Marie - Tessy Bocage","article_modified_time":"2026-01-26T10:37:08+00:00","og_image":[{"width":1600,"height":1200,"url":"https:\/\/www.saintemarietessy.fr\/wp-content\/uploads\/2025\/05\/cuisine_ecole_semaine_gout00031.jpeg","type":"image\/jpeg"}],"twitter_card":"summary_large_image","twitter_misc":{"Dur\u00e9e de lecture estim\u00e9e":"2 minutes"},"schema":{"@context":"https:\/\/schema.org","@graph":[{"@type":"WebPage","@id":"https:\/\/www.saintemarietessy.fr\/index.php\/les-classes\/","url":"https:\/\/www.saintemarietessy.fr\/index.php\/les-classes\/","name":"Les classes - \u00c9cole Sainte Marie - Tessy Bocage","isPartOf":{"@id":"https:\/\/www.saintemarietessy.fr\/#website"},"primaryImageOfPage":{"@id":"https:\/\/www.saintemarietessy.fr\/index.php\/les-classes\/#primaryimage"},"image":{"@id":"https:\/\/www.saintemarietessy.fr\/index.php\/les-classes\/#primaryimage"},"thumbnailUrl":"https:\/\/www.saintemarietessy.fr\/wp-content\/uploads\/2025\/05\/cuisine_ecole_semaine_gout00031-1024x768.jpeg","datePublished":"2022-10-02T13:23:04+00:00","dateModified":"2026-01-26T10:37:08+00:00","breadcrumb":{"@id":"https:\/\/www.saintemarietessy.fr\/index.php\/les-classes\/#breadcrumb"},"inLanguage":"fr-FR","potentialAction":[{"@type":"ReadAction","target":["https:\/\/www.saintemarietessy.fr\/index.php\/les-classes\/"]}]},{"@type":"ImageObject","inLanguage":"fr-FR","@id":"https:\/\/www.saintemarietessy.fr\/index.php\/les-classes\/#primaryimage","url":"https:\/\/www.saintemarietessy.fr\/wp-content\/uploads\/2025\/05\/cuisine_ecole_semaine_gout00031.jpeg","contentUrl":"https:\/\/www.saintemarietessy.fr\/wp-content\/uploads\/2025\/05\/cuisine_ecole_semaine_gout00031.jpeg","width":1600,"height":1200},{"@type":"BreadcrumbList","@id":"https:\/\/www.saintemarietessy.fr\/index.php\/les-classes\/#breadcrumb","itemListElement":[{"@type":"ListItem","position":1,"name":"Accueil","item":"https:\/\/www.saintemarietessy.fr\/"},{"@type":"ListItem","position":2,"name":"Les classes"}]},{"@type":"WebSite","@id":"https:\/\/www.saintemarietessy.fr\/#website","url":"https:\/\/www.saintemarietessy.fr\/","name":"\u00c9cole Sainte Marie - Tessy Bocage","description":"\u00c9cole primaire priv\u00e9e catholique","publisher":{"@id":"https:\/\/www.saintemarietessy.fr\/#organization"},"potentialAction":[{"@type":"SearchAction","target":{"@type":"EntryPoint","urlTemplate":"https:\/\/www.saintemarietessy.fr\/?s={search_term_string}"},"query-input":{"@type":"PropertyValueSpecification","valueRequired":true,"valueName":"search_term_string"}}],"inLanguage":"fr-FR"},{"@type":"Organization","@id":"https:\/\/www.saintemarietessy.fr\/#organization","name":"\u00c9cole Sainte Marie - Tessy Bocage","url":"https:\/\/www.saintemarietessy.fr\/","logo":{"@type":"ImageObject","inLanguage":"fr-FR","@id":"https:\/\/www.saintemarietessy.fr\/#\/schema\/logo\/image\/","url":"https:\/\/www.saintemarietessy.fr\/wp-content\/uploads\/2022\/10\/Logo-Ste-Marie.jpg","contentUrl":"https:\/\/www.saintemarietessy.fr\/wp-content\/uploads\/2022\/10\/Logo-Ste-Marie.jpg","width":703,"height":870,"caption":"\u00c9cole Sainte Marie - Tessy Bocage"},"image":{"@id":"https:\/\/www.saintemarietessy.fr\/#\/schema\/logo\/image\/"}}]}},"_links":{"self":[{"href":"https:\/\/www.saintemarietessy.fr\/index.php\/wp-json\/wp\/v2\/pages\/35","targetHints":{"allow":["GET"]}}],"collection":[{"href":"https:\/\/www.saintemarietessy.fr\/index.php\/wp-json\/wp\/v2\/pages"}],"about":[{"href":"https:\/\/www.saintemarietessy.fr\/index.php\/wp-json\/wp\/v2\/types\/page"}],"author":[{"embeddable":true,"href":"https:\/\/www.saintemarietessy.fr\/index.php\/wp-json\/wp\/v2\/users\/1"}],"replies":[{"embeddable":true,"href":"https:\/\/www.saintemarietessy.fr\/index.php\/wp-json\/wp\/v2\/comments?post=35"}],"version-history":[{"count":5,"href":"https:\/\/www.saintemarietessy.fr\/index.php\/wp-json\/wp\/v2\/pages\/35\/revisions"}],"predecessor-version":[{"id":330,"href":"https:\/\/www.saintemarietessy.fr\/index.php\/wp-json\/wp\/v2\/pages\/35\/revisions\/330"}],"wp:attachment":[{"href":"https:\/\/www.saintemarietessy.fr\/index.php\/wp-json\/wp\/v2\/media?parent=35"}],"curies":[{"name":"wp","href":"https:\/\/api.w.org\/{rel}","templated":true}]}}