{"id":55,"date":"2022-10-02T16:29:10","date_gmt":"2022-10-02T14:29:10","guid":{"rendered":"http:\/\/www.saintemarietessy.fr\/?page_id=55"},"modified":"2025-05-28T22:43:50","modified_gmt":"2025-05-28T20:43:50","slug":"projet-educatif","status":"publish","type":"page","link":"https:\/\/www.saintemarietessy.fr\/index.php\/projet-educatif\/","title":{"rendered":"Projet \u00e9ducatif"},"content":{"rendered":"\n<p><\/p>\n\n\n\n<p>L\u2019\u00e9tablissement rassemble des personnes diff\u00e9rentes aux fonctions diverses.<\/p>\n\n\n\n<p>Elles ne se sont pas choisies, mais ont l\u2019obligation de vivre en communaut\u00e9. Elles ont droit \u00e0 de bonnes conditions de vie et de travail que chacun de nous doit favoriser.&nbsp;<strong><em>Toute personne a droit au respect<\/em><\/strong>, quels que soient son r\u00f4le et sa situation dans l\u2019\u00e9tablissement.<\/p>\n\n\n\n<p>Nous manifestons notre respect des autres par notre tenue, notre fa\u00e7on de parler, d\u2019agir envers eux, de consid\u00e9rer leur travail, de comprendre leurs responsabilit\u00e9s et leurs difficult\u00e9s.<\/p>\n\n\n\n<p>Cela est ins\u00e9parable du respect de notre cadre de vie. Le mat\u00e9riel de la communaut\u00e9 m\u00e9rite autant d\u2019\u00e9gards que notre propri\u00e9t\u00e9 personnelle.<\/p>\n\n\n\n<p><strong><em>La vie en commun, pour avoir des chances de r\u00e9ussir, demande \u00e0 chacun un effort quotidien<\/em><\/strong>.&nbsp;<\/p>\n\n\n\n<p>L\u2019\u00e9tablissement catholique&nbsp;<strong><em>Sainte Marie accueille tous les \u00e9l\u00e8ves et place le jeune au centre de son projet<\/em><\/strong>, prenant en compte tous les aspects de sa personnalit\u00e9.<\/p>\n\n\n\n<p>Ainsi dans un esprit \u00e9vang\u00e9lique de libert\u00e9 et de charit\u00e9, l\u2019\u00e9quipe \u00e9ducative s\u2019attachera \u00e0 d\u00e9velopper les domaines suivants :<\/p>\n\n\n\n<p><strong><em>Ses capacit\u00e9s intellectuelles<\/em><\/strong><\/p>\n\n\n\n<ul class=\"wp-block-list\"><li>L\u2019acquisition de connaissances et de m\u00e9thodes de travail,<\/li><li>L\u2019esprit critique,<\/li><li>La curiosit\u00e9,<\/li><li>L\u2019expression personnelle,<\/li><li>L\u2019autonomie.<\/li><\/ul>\n\n\n\n<p><strong><em>Ses qualit\u00e9s humaines&nbsp;<\/em><\/strong><\/p>\n\n\n\n<ul class=\"wp-block-list\"><li>Le respect de soi,<\/li><li>Le respect des autres,<\/li><li>Le respect de l\u2019environnement,<\/li><li>Le go\u00fbt de l\u2019effort,<\/li><li>La solidarit\u00e9,<\/li><li>Le sens des responsabilit\u00e9s,<\/li><li>Le sens de la discipline,<\/li><li>La confiance dans les relations avec les professeurs.<\/li><\/ul>\n\n\n\n<p><strong><em>Son projet personnel de vie et d\u2019orientation<\/em><\/strong>&nbsp;par une bonne connaissance de soi et du monde.<\/p>\n","protected":false},"excerpt":{"rendered":"<p>L\u2019\u00e9tablissement rassemble des personnes diff\u00e9rentes aux fonctions diverses. Elles ne se sont pas choisies, mais ont l\u2019obligation de vivre en communaut\u00e9. Elles ont droit \u00e0 de bonnes conditions de vie et de travail que chacun de nous doit favoriser.&nbsp;Toute personne a droit au respect, quels que soient son r\u00f4le et sa situation dans l\u2019\u00e9tablissement. Nous [&hellip;]<\/p>\n","protected":false},"author":1,"featured_media":201,"parent":0,"menu_order":6,"comment_status":"closed","ping_status":"closed","template":"","meta":{"site-sidebar-layout":"default","site-content-layout":"","ast-site-content-layout":"default","site-content-style":"default","site-sidebar-style":"default","ast-global-header-display":"","ast-banner-title-visibility":"","ast-main-header-display":"","ast-hfb-above-header-display":"","ast-hfb-below-header-display":"","ast-hfb-mobile-header-display":"","site-post-title":"","ast-breadcrumbs-content":"","ast-featured-img":"","footer-sml-layout":"","theme-transparent-header-meta":"","adv-header-id-meta":"","stick-header-meta":"","header-above-stick-meta":"","header-main-stick-meta":"","header-below-stick-meta":"","astra-migrate-meta-layouts":"default","ast-page-background-enabled":"default","ast-page-background-meta":{"desktop":{"background-color":"var(--ast-global-color-5)","background-image":"","background-repeat":"repeat","background-position":"center center","background-size":"auto","background-attachment":"scroll","background-type":"","background-media":"","overlay-type":"","overlay-color":"","overlay-opacity":"","overlay-gradient":""},"tablet":{"background-color":"","background-image":"","background-repeat":"repeat","background-position":"center center","background-size":"auto","background-attachment":"scroll","background-type":"","background-media":"","overlay-type":"","overlay-color":"","overlay-opacity":"","overlay-gradient":""},"mobile":{"background-color":"","background-image":"","background-repeat":"repeat","background-position":"center center","background-size":"auto","background-attachment":"scroll","background-type":"","background-media":"","overlay-type":"","overlay-color":"","overlay-opacity":"","overlay-gradient":""}},"ast-content-background-meta":{"desktop":{"background-color":"var(--ast-global-color-4)","background-image":"","background-repeat":"repeat","background-position":"center center","background-size":"auto","background-attachment":"scroll","background-type":"","background-media":"","overlay-type":"","overlay-color":"","overlay-opacity":"","overlay-gradient":""},"tablet":{"background-color":"var(--ast-global-color-4)","background-image":"","background-repeat":"repeat","background-position":"center center","background-size":"auto","background-attachment":"scroll","background-type":"","background-media":"","overlay-type":"","overlay-color":"","overlay-opacity":"","overlay-gradient":""},"mobile":{"background-color":"var(--ast-global-color-4)","background-image":"","background-repeat":"repeat","background-position":"center center","background-size":"auto","background-attachment":"scroll","background-type":"","background-media":"","overlay-type":"","overlay-color":"","overlay-opacity":"","overlay-gradient":""}},"_themeisle_gutenberg_block_has_review":false,"footnotes":""},"class_list":["post-55","page","type-page","status-publish","has-post-thumbnail","hentry"],"yoast_head":"<!-- This site is optimized with the Yoast SEO plugin v26.0 - https:\/\/yoast.com\/wordpress\/plugins\/seo\/ -->\n<title>Projet \u00e9ducatif - \u00c9cole Sainte Marie - Tessy Bocage<\/title>\n<meta name=\"robots\" content=\"index, follow, max-snippet:-1, max-image-preview:large, max-video-preview:-1\" \/>\n<link rel=\"canonical\" href=\"https:\/\/www.saintemarietessy.fr\/index.php\/projet-educatif\/\" \/>\n<meta property=\"og:locale\" content=\"fr_FR\" \/>\n<meta property=\"og:type\" content=\"article\" \/>\n<meta property=\"og:title\" content=\"Projet \u00e9ducatif - \u00c9cole Sainte Marie - Tessy Bocage\" \/>\n<meta property=\"og:description\" content=\"L\u2019\u00e9tablissement rassemble des personnes diff\u00e9rentes aux fonctions diverses. Elles ne se sont pas choisies, mais ont l\u2019obligation de vivre en communaut\u00e9. Elles ont droit \u00e0 de bonnes conditions de vie et de travail que chacun de nous doit favoriser.&nbsp;Toute personne a droit au respect, quels que soient son r\u00f4le et sa situation dans l\u2019\u00e9tablissement. Nous [&hellip;]\" \/>\n<meta property=\"og:url\" content=\"https:\/\/www.saintemarietessy.fr\/index.php\/projet-educatif\/\" \/>\n<meta property=\"og:site_name\" content=\"\u00c9cole Sainte Marie - Tessy Bocage\" \/>\n<meta property=\"article:modified_time\" content=\"2025-05-28T20:43:50+00:00\" \/>\n<meta property=\"og:image\" content=\"https:\/\/www.saintemarietessy.fr\/wp-content\/uploads\/2023\/10\/IMG_1104-copie-2-scaled.jpg\" \/>\n\t<meta property=\"og:image:width\" content=\"2560\" \/>\n\t<meta property=\"og:image:height\" content=\"1920\" \/>\n\t<meta property=\"og:image:type\" content=\"image\/jpeg\" \/>\n<meta name=\"twitter:card\" content=\"summary_large_image\" \/>\n<meta name=\"twitter:label1\" content=\"Dur\u00e9e de lecture estim\u00e9e\" \/>\n\t<meta name=\"twitter:data1\" content=\"2 minutes\" \/>\n<script type=\"application\/ld+json\" class=\"yoast-schema-graph\">{\"@context\":\"https:\/\/schema.org\",\"@graph\":[{\"@type\":\"WebPage\",\"@id\":\"https:\/\/www.saintemarietessy.fr\/index.php\/projet-educatif\/\",\"url\":\"https:\/\/www.saintemarietessy.fr\/index.php\/projet-educatif\/\",\"name\":\"Projet \u00e9ducatif - \u00c9cole Sainte Marie - Tessy Bocage\",\"isPartOf\":{\"@id\":\"https:\/\/www.saintemarietessy.fr\/#website\"},\"primaryImageOfPage\":{\"@id\":\"https:\/\/www.saintemarietessy.fr\/index.php\/projet-educatif\/#primaryimage\"},\"image\":{\"@id\":\"https:\/\/www.saintemarietessy.fr\/index.php\/projet-educatif\/#primaryimage\"},\"thumbnailUrl\":\"https:\/\/www.saintemarietessy.fr\/wp-content\/uploads\/2023\/10\/IMG_1104-copie-2-scaled.jpg\",\"datePublished\":\"2022-10-02T14:29:10+00:00\",\"dateModified\":\"2025-05-28T20:43:50+00:00\",\"breadcrumb\":{\"@id\":\"https:\/\/www.saintemarietessy.fr\/index.php\/projet-educatif\/#breadcrumb\"},\"inLanguage\":\"fr-FR\",\"potentialAction\":[{\"@type\":\"ReadAction\",\"target\":[\"https:\/\/www.saintemarietessy.fr\/index.php\/projet-educatif\/\"]}]},{\"@type\":\"ImageObject\",\"inLanguage\":\"fr-FR\",\"@id\":\"https:\/\/www.saintemarietessy.fr\/index.php\/projet-educatif\/#primaryimage\",\"url\":\"https:\/\/www.saintemarietessy.fr\/wp-content\/uploads\/2023\/10\/IMG_1104-copie-2-scaled.jpg\",\"contentUrl\":\"https:\/\/www.saintemarietessy.fr\/wp-content\/uploads\/2023\/10\/IMG_1104-copie-2-scaled.jpg\",\"width\":2560,\"height\":1920},{\"@type\":\"BreadcrumbList\",\"@id\":\"https:\/\/www.saintemarietessy.fr\/index.php\/projet-educatif\/#breadcrumb\",\"itemListElement\":[{\"@type\":\"ListItem\",\"position\":1,\"name\":\"Accueil\",\"item\":\"https:\/\/www.saintemarietessy.fr\/\"},{\"@type\":\"ListItem\",\"position\":2,\"name\":\"Projet \u00e9ducatif\"}]},{\"@type\":\"WebSite\",\"@id\":\"https:\/\/www.saintemarietessy.fr\/#website\",\"url\":\"https:\/\/www.saintemarietessy.fr\/\",\"name\":\"\u00c9cole Sainte Marie - Tessy Bocage\",\"description\":\"\u00c9cole primaire priv\u00e9e catholique\",\"publisher\":{\"@id\":\"https:\/\/www.saintemarietessy.fr\/#organization\"},\"potentialAction\":[{\"@type\":\"SearchAction\",\"target\":{\"@type\":\"EntryPoint\",\"urlTemplate\":\"https:\/\/www.saintemarietessy.fr\/?s={search_term_string}\"},\"query-input\":{\"@type\":\"PropertyValueSpecification\",\"valueRequired\":true,\"valueName\":\"search_term_string\"}}],\"inLanguage\":\"fr-FR\"},{\"@type\":\"Organization\",\"@id\":\"https:\/\/www.saintemarietessy.fr\/#organization\",\"name\":\"\u00c9cole Sainte Marie - Tessy Bocage\",\"url\":\"https:\/\/www.saintemarietessy.fr\/\",\"logo\":{\"@type\":\"ImageObject\",\"inLanguage\":\"fr-FR\",\"@id\":\"https:\/\/www.saintemarietessy.fr\/#\/schema\/logo\/image\/\",\"url\":\"https:\/\/www.saintemarietessy.fr\/wp-content\/uploads\/2022\/10\/Logo-Ste-Marie.jpg\",\"contentUrl\":\"https:\/\/www.saintemarietessy.fr\/wp-content\/uploads\/2022\/10\/Logo-Ste-Marie.jpg\",\"width\":703,\"height\":870,\"caption\":\"\u00c9cole Sainte Marie - Tessy Bocage\"},\"image\":{\"@id\":\"https:\/\/www.saintemarietessy.fr\/#\/schema\/logo\/image\/\"}}]}<\/script>\n<!-- \/ Yoast SEO plugin. -->","yoast_head_json":{"title":"Projet \u00e9ducatif - \u00c9cole Sainte Marie - Tessy Bocage","robots":{"index":"index","follow":"follow","max-snippet":"max-snippet:-1","max-image-preview":"max-image-preview:large","max-video-preview":"max-video-preview:-1"},"canonical":"https:\/\/www.saintemarietessy.fr\/index.php\/projet-educatif\/","og_locale":"fr_FR","og_type":"article","og_title":"Projet \u00e9ducatif - \u00c9cole Sainte Marie - Tessy Bocage","og_description":"L\u2019\u00e9tablissement rassemble des personnes diff\u00e9rentes aux fonctions diverses. Elles ne se sont pas choisies, mais ont l\u2019obligation de vivre en communaut\u00e9. Elles ont droit \u00e0 de bonnes conditions de vie et de travail que chacun de nous doit favoriser.&nbsp;Toute personne a droit au respect, quels que soient son r\u00f4le et sa situation dans l\u2019\u00e9tablissement. Nous [&hellip;]","og_url":"https:\/\/www.saintemarietessy.fr\/index.php\/projet-educatif\/","og_site_name":"\u00c9cole Sainte Marie - Tessy Bocage","article_modified_time":"2025-05-28T20:43:50+00:00","og_image":[{"width":2560,"height":1920,"url":"https:\/\/www.saintemarietessy.fr\/wp-content\/uploads\/2023\/10\/IMG_1104-copie-2-scaled.jpg","type":"image\/jpeg"}],"twitter_card":"summary_large_image","twitter_misc":{"Dur\u00e9e de lecture estim\u00e9e":"2 minutes"},"schema":{"@context":"https:\/\/schema.org","@graph":[{"@type":"WebPage","@id":"https:\/\/www.saintemarietessy.fr\/index.php\/projet-educatif\/","url":"https:\/\/www.saintemarietessy.fr\/index.php\/projet-educatif\/","name":"Projet \u00e9ducatif - \u00c9cole Sainte Marie - Tessy Bocage","isPartOf":{"@id":"https:\/\/www.saintemarietessy.fr\/#website"},"primaryImageOfPage":{"@id":"https:\/\/www.saintemarietessy.fr\/index.php\/projet-educatif\/#primaryimage"},"image":{"@id":"https:\/\/www.saintemarietessy.fr\/index.php\/projet-educatif\/#primaryimage"},"thumbnailUrl":"https:\/\/www.saintemarietessy.fr\/wp-content\/uploads\/2023\/10\/IMG_1104-copie-2-scaled.jpg","datePublished":"2022-10-02T14:29:10+00:00","dateModified":"2025-05-28T20:43:50+00:00","breadcrumb":{"@id":"https:\/\/www.saintemarietessy.fr\/index.php\/projet-educatif\/#breadcrumb"},"inLanguage":"fr-FR","potentialAction":[{"@type":"ReadAction","target":["https:\/\/www.saintemarietessy.fr\/index.php\/projet-educatif\/"]}]},{"@type":"ImageObject","inLanguage":"fr-FR","@id":"https:\/\/www.saintemarietessy.fr\/index.php\/projet-educatif\/#primaryimage","url":"https:\/\/www.saintemarietessy.fr\/wp-content\/uploads\/2023\/10\/IMG_1104-copie-2-scaled.jpg","contentUrl":"https:\/\/www.saintemarietessy.fr\/wp-content\/uploads\/2023\/10\/IMG_1104-copie-2-scaled.jpg","width":2560,"height":1920},{"@type":"BreadcrumbList","@id":"https:\/\/www.saintemarietessy.fr\/index.php\/projet-educatif\/#breadcrumb","itemListElement":[{"@type":"ListItem","position":1,"name":"Accueil","item":"https:\/\/www.saintemarietessy.fr\/"},{"@type":"ListItem","position":2,"name":"Projet \u00e9ducatif"}]},{"@type":"WebSite","@id":"https:\/\/www.saintemarietessy.fr\/#website","url":"https:\/\/www.saintemarietessy.fr\/","name":"\u00c9cole Sainte Marie - Tessy Bocage","description":"\u00c9cole primaire priv\u00e9e catholique","publisher":{"@id":"https:\/\/www.saintemarietessy.fr\/#organization"},"potentialAction":[{"@type":"SearchAction","target":{"@type":"EntryPoint","urlTemplate":"https:\/\/www.saintemarietessy.fr\/?s={search_term_string}"},"query-input":{"@type":"PropertyValueSpecification","valueRequired":true,"valueName":"search_term_string"}}],"inLanguage":"fr-FR"},{"@type":"Organization","@id":"https:\/\/www.saintemarietessy.fr\/#organization","name":"\u00c9cole Sainte Marie - Tessy Bocage","url":"https:\/\/www.saintemarietessy.fr\/","logo":{"@type":"ImageObject","inLanguage":"fr-FR","@id":"https:\/\/www.saintemarietessy.fr\/#\/schema\/logo\/image\/","url":"https:\/\/www.saintemarietessy.fr\/wp-content\/uploads\/2022\/10\/Logo-Ste-Marie.jpg","contentUrl":"https:\/\/www.saintemarietessy.fr\/wp-content\/uploads\/2022\/10\/Logo-Ste-Marie.jpg","width":703,"height":870,"caption":"\u00c9cole Sainte Marie - Tessy Bocage"},"image":{"@id":"https:\/\/www.saintemarietessy.fr\/#\/schema\/logo\/image\/"}}]}},"_links":{"self":[{"href":"https:\/\/www.saintemarietessy.fr\/index.php\/wp-json\/wp\/v2\/pages\/55","targetHints":{"allow":["GET"]}}],"collection":[{"href":"https:\/\/www.saintemarietessy.fr\/index.php\/wp-json\/wp\/v2\/pages"}],"about":[{"href":"https:\/\/www.saintemarietessy.fr\/index.php\/wp-json\/wp\/v2\/types\/page"}],"author":[{"embeddable":true,"href":"https:\/\/www.saintemarietessy.fr\/index.php\/wp-json\/wp\/v2\/users\/1"}],"replies":[{"embeddable":true,"href":"https:\/\/www.saintemarietessy.fr\/index.php\/wp-json\/wp\/v2\/comments?post=55"}],"version-history":[{"count":1,"href":"https:\/\/www.saintemarietessy.fr\/index.php\/wp-json\/wp\/v2\/pages\/55\/revisions"}],"predecessor-version":[{"id":56,"href":"https:\/\/www.saintemarietessy.fr\/index.php\/wp-json\/wp\/v2\/pages\/55\/revisions\/56"}],"wp:featuredmedia":[{"embeddable":true,"href":"https:\/\/www.saintemarietessy.fr\/index.php\/wp-json\/wp\/v2\/media\/201"}],"wp:attachment":[{"href":"https:\/\/www.saintemarietessy.fr\/index.php\/wp-json\/wp\/v2\/media?parent=55"}],"curies":[{"name":"wp","href":"https:\/\/api.w.org\/{rel}","templated":true}]}}